{"id":675,"date":"2016-04-09T13:29:06","date_gmt":"2016-04-09T12:29:06","guid":{"rendered":"http:\/\/wilket-gugger.ch\/?page_id=675"},"modified":"2026-01-22T22:25:02","modified_gmt":"2026-01-22T21:25:02","slug":"ewiges-guggegaudi","status":"publish","type":"page","link":"http:\/\/wilket-gugger.ch\/?page_id=675","title":{"rendered":"Ewiges Guggegaudi"},"content":{"rendered":"<h3><strong>Ewiges Guggegaudi<\/strong><\/h3>\n<p><a href=\"http:\/\/wilket-gugger.ch\/wp-content\/uploads\/2015\/11\/cropped-guggegaudi-2015_16403962826_o-e1460207543977.jpg\"><img loading=\"lazy\" class=\"alignnone wp-image-521 size-full\" src=\"http:\/\/wilket-gugger.ch\/wp-content\/uploads\/2015\/11\/cropped-guggegaudi-2015_16403962826_o-e1460207543977.jpg\" alt=\"\" width=\"1402\" height=\"401\"><\/a><\/p>\n<p>Damit ihr die wichtigsten Termine der kommenden Jahre bereits jetzt reservieren k\u00f6nnt, hier die Daten der n\u00e4chsten Guggegaudis!<\/p>\n<p>Nicht gewusst, z\u00e4hlt nicht!<\/p>\n<ul>\n<li>Guggegaudi <strong>2026<\/strong>: &nbsp; &nbsp;30. Januar &#8211; ABGESAGT<\/li>\n<li>Guggegaudi <strong>2027<\/strong>: &nbsp; &nbsp;22. Januar<\/li>\n<li>Guggegaudi <strong>2028<\/strong>: &nbsp; &nbsp;11. Februar<\/li>\n<li>Guggegaudi <strong>2029<\/strong>: &nbsp; &nbsp;26. Januar<\/li>\n<li>Guggegaudi <strong>2030<\/strong>: &nbsp; &nbsp;15. Februar<\/li>\n<li>Guggegaudi <strong>2031<\/strong>:&nbsp; &nbsp; 14. Februar<\/li>\n<li>Guggegaudi <strong>2032<\/strong>:&nbsp; &nbsp; 30. Januar<\/li>\n<li>Guggegaudi <strong>2033<\/strong>:&nbsp; &nbsp;18. Februar<\/li>\n<li>Guggegaudi <strong>2034<\/strong>: &nbsp; &nbsp;10. Februar<\/li>\n<li>Guggegaudi <strong>2035<\/strong>: &nbsp; &nbsp;26. Januar<\/li>\n<\/ul>\n","protected":false},"excerpt":{"rendered":"<p>Ewiges Guggegaudi Damit ihr die wichtigsten Termine der kommenden Jahre bereits jetzt reservieren k\u00f6nnt, hier die Daten der n\u00e4chsten Guggegaudis! Nicht gewusst, z\u00e4hlt nicht! Guggegaudi 2026: &nbsp; &nbsp;30. Januar &#8211; ABGESAGT Guggegaudi 2027: &nbsp; &nbsp;22. Januar Guggegaudi 2028: &nbsp; &nbsp;11.<\/p>\n","protected":false},"author":5,"featured_media":0,"parent":0,"menu_order":0,"comment_status":"closed","ping_status":"closed","template":"","meta":{"ngg_post_thumbnail":0},"_links":{"self":[{"href":"http:\/\/wilket-gugger.ch\/index.php?rest_route=\/wp\/v2\/pages\/675"}],"collection":[{"href":"http:\/\/wilket-gugger.ch\/index.php?rest_route=\/wp\/v2\/pages"}],"about":[{"href":"http:\/\/wilket-gugger.ch\/index.php?rest_route=\/wp\/v2\/types\/page"}],"author":[{"embeddable":true,"href":"http:\/\/wilket-gugger.ch\/index.php?rest_route=\/wp\/v2\/users\/5"}],"replies":[{"embeddable":true,"href":"http:\/\/wilket-gugger.ch\/index.php?rest_route=%2Fwp%2Fv2%2Fcomments&post=675"}],"version-history":[{"count":19,"href":"http:\/\/wilket-gugger.ch\/index.php?rest_route=\/wp\/v2\/pages\/675\/revisions"}],"predecessor-version":[{"id":2443,"href":"http:\/\/wilket-gugger.ch\/index.php?rest_route=\/wp\/v2\/pages\/675\/revisions\/2443"}],"wp:attachment":[{"href":"http:\/\/wilket-gugger.ch\/index.php?rest_route=%2Fwp%2Fv2%2Fmedia&parent=675"}],"curies":[{"name":"wp","href":"https:\/\/api.w.org\/{rel}","templated":true}]}}