{"id":29,"date":"2015-01-04T19:55:45","date_gmt":"2015-01-04T18:55:45","guid":{"rendered":"http:\/\/wilket-gugger.ch\/?page_id=29"},"modified":"2025-06-12T16:12:13","modified_gmt":"2025-06-12T15:12:13","slug":"kontakt","status":"publish","type":"page","link":"https:\/\/wilket-gugger.ch\/?page_id=29","title":{"rendered":"Kontakt"},"content":{"rendered":"<p>F\u00fcr Anfragen zu Auftritten melde dich bei unserer Tourenplaner Kevin Meier per <a href=\"mailto:meier.kevin98@gmail.com?subject=Meldung%20von%20wilket-gugger.ch\" target=\"_blank\" rel=\"noopener\">Mail.<\/a><\/p>\n<p>F\u00fcr alle sonstigen Anfragen sende uns eine Nachricht via Kontaktformular oder melde dich bitte bei unserem Pr\u00e4sident Michael Frei per <a href=\"mailto:michael.frei@hotmail.com?subject=Meldung%20von%20wilket-gugger.ch\">Mail<\/a>.<\/p>\n<div role=\"form\" class=\"wpcf7\" id=\"wpcf7-f446-o1\" lang=\"de-DE\" dir=\"ltr\">\n<div class=\"screen-reader-response\"><p role=\"status\" aria-live=\"polite\" aria-atomic=\"true\"><\/p> <ul><\/ul><\/div>\n<form action=\"\/index.php?rest_route=%2Fwp%2Fv2%2Fpages%2F29#wpcf7-f446-o1\" method=\"post\" class=\"wpcf7-form init\" novalidate=\"novalidate\" data-status=\"init\">\n<div style=\"display: none;\">\n<input type=\"hidden\" name=\"_wpcf7\" value=\"446\" \/>\n<input type=\"hidden\" name=\"_wpcf7_version\" value=\"5.5.5\" \/>\n<input type=\"hidden\" name=\"_wpcf7_locale\" value=\"de_DE\" \/>\n<input type=\"hidden\" name=\"_wpcf7_unit_tag\" value=\"wpcf7-f446-o1\" \/>\n<input type=\"hidden\" name=\"_wpcf7_container_post\" value=\"0\" \/>\n<input type=\"hidden\" name=\"_wpcf7_posted_data_hash\" value=\"\" \/>\n<\/div>\n<p>Vorname * <br \/>\n    <span class=\"wpcf7-form-control-wrap firstname\"><input type=\"text\" name=\"firstname\" value=\"\" size=\"40\" class=\"wpcf7-form-control wpcf7-text wpcf7-validates-as-required\" aria-required=\"true\" aria-invalid=\"false\" \/><\/span> <\/p>\n<p>Nachname * <br \/>\n    <span class=\"wpcf7-form-control-wrap lastname\"><input type=\"text\" name=\"lastname\" value=\"\" size=\"40\" class=\"wpcf7-form-control wpcf7-text wpcf7-validates-as-required\" aria-required=\"true\" aria-invalid=\"false\" \/><\/span> <\/p>\n<p>Email * <br\/><br \/>\n<span class=\"wpcf7-form-control-wrap email\"><input type=\"email\" name=\"email\" value=\"\" size=\"40\" class=\"wpcf7-form-control wpcf7-text wpcf7-email wpcf7-validates-as-required wpcf7-validates-as-email\" aria-required=\"true\" aria-invalid=\"false\" \/><\/span><\/p>\n<p>Betreff *<br\/><br \/>\n<span class=\"wpcf7-form-control-wrap subject\"><input type=\"text\" name=\"subject\" value=\"\" size=\"40\" class=\"wpcf7-form-control wpcf7-text\" aria-invalid=\"false\" \/><\/span><\/p>\n<p>Nachricht *<\/br><br \/>\n<span class=\"wpcf7-form-control-wrap message\"><textarea name=\"message\" cols=\"40\" rows=\"10\" class=\"wpcf7-form-control wpcf7-textarea\" aria-invalid=\"false\"><\/textarea><\/span><\/p>\n<p><input type=\"submit\" value=\"Senden\" class=\"wpcf7-form-control has-spinner wpcf7-submit\" \/><\/p>\n<p>*Pflichtfelder<\/p>\n<div class=\"wpcf7-response-output\" aria-hidden=\"true\"><\/div><\/form><\/div>\n\n\n<p><\/p>\n\n\n\n<p><\/p>\n","protected":false},"excerpt":{"rendered":"<p>F\u00fcr Anfragen zu Auftritten melde dich bei unserer Tourenplaner Kevin Meier per Mail. F\u00fcr alle sonstigen Anfragen sende uns eine Nachricht via Kontaktformular oder melde dich bitte bei unserem Pr\u00e4sident Michael Frei per Mail.<\/p>\n","protected":false},"author":5,"featured_media":0,"parent":0,"menu_order":0,"comment_status":"closed","ping_status":"closed","template":"","meta":{"ngg_post_thumbnail":0},"_links":{"self":[{"href":"https:\/\/wilket-gugger.ch\/index.php?rest_route=\/wp\/v2\/pages\/29"}],"collection":[{"href":"https:\/\/wilket-gugger.ch\/index.php?rest_route=\/wp\/v2\/pages"}],"about":[{"href":"https:\/\/wilket-gugger.ch\/index.php?rest_route=\/wp\/v2\/types\/page"}],"author":[{"embeddable":true,"href":"https:\/\/wilket-gugger.ch\/index.php?rest_route=\/wp\/v2\/users\/5"}],"replies":[{"embeddable":true,"href":"https:\/\/wilket-gugger.ch\/index.php?rest_route=%2Fwp%2Fv2%2Fcomments&post=29"}],"version-history":[{"count":23,"href":"https:\/\/wilket-gugger.ch\/index.php?rest_route=\/wp\/v2\/pages\/29\/revisions"}],"predecessor-version":[{"id":2376,"href":"https:\/\/wilket-gugger.ch\/index.php?rest_route=\/wp\/v2\/pages\/29\/revisions\/2376"}],"wp:attachment":[{"href":"https:\/\/wilket-gugger.ch\/index.php?rest_route=%2Fwp%2Fv2%2Fmedia&parent=29"}],"curies":[{"name":"wp","href":"https:\/\/api.w.org\/{rel}","templated":true}]}}