{"id":38,"date":"2015-01-04T20:00:58","date_gmt":"2015-01-04T19:00:58","guid":{"rendered":"http:\/\/wilket-gugger.ch\/?page_id=38"},"modified":"2025-12-28T11:35:40","modified_gmt":"2025-12-28T10:35:40","slug":"ueber-uns","status":"publish","type":"page","link":"https:\/\/wilket-gugger.ch\/?page_id=38","title":{"rendered":"\u00dcber uns"},"content":{"rendered":"<p>Von A(lko-selzers) bis W(ilket-gugger)<\/p>\n<p><a href=\"http:\/\/wilket-gugger.ch\/wp-content\/uploads\/2022\/02\/IMG_7195-scaled.jpg\"><img loading=\"lazy\" class=\"size-medium wp-image-1294 aligncenter\" src=\"http:\/\/wilket-gugger.ch\/wp-content\/uploads\/2022\/02\/IMG_7195-300x134.jpg\" alt=\"\" width=\"300\" height=\"134\" srcset=\"https:\/\/wilket-gugger.ch\/wp-content\/uploads\/2022\/02\/IMG_7195-300x134.jpg 300w, https:\/\/wilket-gugger.ch\/wp-content\/uploads\/2022\/02\/IMG_7195-1024x456.jpg 1024w, https:\/\/wilket-gugger.ch\/wp-content\/uploads\/2022\/02\/IMG_7195-768x342.jpg 768w, https:\/\/wilket-gugger.ch\/wp-content\/uploads\/2022\/02\/IMG_7195-1536x684.jpg 1536w, https:\/\/wilket-gugger.ch\/wp-content\/uploads\/2022\/02\/IMG_7195-2048x913.jpg 2048w\" sizes=\"(max-width: 300px) 100vw, 300px\" \/><\/a><\/p>\n<p>Auf die Fasnachtssaison 1985 machten sich einige junge Burschen von der Degersheimer<span class=\"text_exposed_show\">Musikgesellschaft daran, eine Guggenmusik zu gr\u00fcnden. Da die \u201eSchock-Gugger\u201c sich altershalber zur Ruhe gesetzt hatten, fand man Kameraden von der Musikgesellschaft Mogelsberg, die Freude an dieser Idee hatten. Mangels Kost\u00fcmen klopfte man bei den ehemaligen \u201eSchock-Guggern\u201c an. Nach einer intensiven Probe im R\u00f6ssli Magdenau suchten die Anwesenden nach einem Namen f\u00fcr die Guggenmusik. Stefan Bernhard, einer der Gr\u00fcnder, schlug den Namen \u201eAlko-Selzers\u201c vor, gleichzeitig avancierte der Name auch zum Schlachtruf. Bis Anfang der 90er Jahre hatte dieser Name bestand. Mittlerweile waren in der Gugge fast nur noch Mitglieder aus Region Mogelsberg t\u00e4tig.<\/span><\/p>\n<p>Die anf\u00e4nglich aus 11 bis 13 Guggern bestehenden \u201eAlko-Selzers\u201c bekamen immer mehr Anfragen von jungen, fasnachtsbegeisterten Frauen, welche gerne in der Guggenmusik mitwirken wollten. Und so wurde der \u201egutgemeinte\u201c Ratschlag der \u201eSchock-Gugger\u201c, n\u00e4mlich keine weiblichen Mitglieder aufzunehmen, schliesslich \u00fcber Bord geworfen.<\/p>\n<p>Einige Jahre sp\u00e4ter hatte der Name \u201eAlko-Selzers\u201c ausgedient. Der h\u00f6chste Punkt in der Gemeinde Mogelsberg, die \u201eWilket\u201c, war wohl Inspiration f\u00fcr den neuen Namen. Von nun an nannte man sich \u201eWilket-Gugger\u201c. Die Proben wurden ins Lager von Karl Staub nach Mogelsberg und sp\u00e4ter ins Mehrzweckgeb\u00e4ude Mogelsberg verlegt.<\/p>\n<p>Da die F\u00fchrung innerhalb der Gugge nicht geregelt war, kam es immer wieder zu Konflikten. So beschloss man, einen Verein mit Statuten und dem restlichen Drum und Dran zu gr\u00fcnden. Und nun gab es zur Vorbereitung auf die kommende Saison jeweils mehr als nur eine Probe, n\u00e4mlich deren drei. Um musikalisch dabei zu bleiben, reicht das heute nat\u00fcrlich nicht mehr.<\/p>\n<p>Von den Gr\u00fcndern der \u201eAlko-Selzers\u201c h\u00e4tte wahrscheinlich keiner gedacht, dass sich die Gugge einmal zu einem Verein mit ca. 30 Aktiven und auch einer grossen zahl Jungmitgliedern entwickeln w\u00fcrde.<\/p>\n<p>Du m\u00f6chtest bei uns mitmachen? No Problem! Melde dich doch gleich bei unserem Pr\u00e4sidenten Michi Frei per <a href=\"mailto:michael.frei@hotmail.com?subject=Meldung von wilket-gugger.ch\">Mail<\/a>.<\/p>\n","protected":false},"excerpt":{"rendered":"<p>Von A(lko-selzers) bis W(ilket-gugger) Auf die Fasnachtssaison 1985 machten sich einige junge Burschen von der DegersheimerMusikgesellschaft daran, eine Guggenmusik zu gr\u00fcnden. Da die \u201eSchock-Gugger\u201c sich altershalber zur Ruhe gesetzt hatten, fand man Kameraden von der Musikgesellschaft Mogelsberg, die Freude an<\/p>\n","protected":false},"author":5,"featured_media":0,"parent":0,"menu_order":0,"comment_status":"closed","ping_status":"closed","template":"","meta":{"ngg_post_thumbnail":0},"_links":{"self":[{"href":"https:\/\/wilket-gugger.ch\/index.php?rest_route=\/wp\/v2\/pages\/38"}],"collection":[{"href":"https:\/\/wilket-gugger.ch\/index.php?rest_route=\/wp\/v2\/pages"}],"about":[{"href":"https:\/\/wilket-gugger.ch\/index.php?rest_route=\/wp\/v2\/types\/page"}],"author":[{"embeddable":true,"href":"https:\/\/wilket-gugger.ch\/index.php?rest_route=\/wp\/v2\/users\/5"}],"replies":[{"embeddable":true,"href":"https:\/\/wilket-gugger.ch\/index.php?rest_route=%2Fwp%2Fv2%2Fcomments&post=38"}],"version-history":[{"count":17,"href":"https:\/\/wilket-gugger.ch\/index.php?rest_route=\/wp\/v2\/pages\/38\/revisions"}],"predecessor-version":[{"id":2442,"href":"https:\/\/wilket-gugger.ch\/index.php?rest_route=\/wp\/v2\/pages\/38\/revisions\/2442"}],"wp:attachment":[{"href":"https:\/\/wilket-gugger.ch\/index.php?rest_route=%2Fwp%2Fv2%2Fmedia&parent=38"}],"curies":[{"name":"wp","href":"https:\/\/api.w.org\/{rel}","templated":true}]}}